{"id":2002,"date":"2023-04-02T03:38:48","date_gmt":"2023-04-02T03:38:48","guid":{"rendered":"https:\/\/fcb.unsa.edu.pe\/pesquera\/?page_id=2002"},"modified":"2026-03-30T09:56:08","modified_gmt":"2026-03-30T14:56:08","slug":"plan-estrategico","status":"publish","type":"page","link":"https:\/\/fcb.unsa.edu.pe\/pesquera\/plan-estrategico\/","title":{"rendered":"Plan Estrat\u00e9gico"},"content":{"rendered":"<p>La formulaci\u00f3n del Plan Estrat\u00e9gico de la Escuela Profesional de ingenier\u00eda Pesquera de la Facultad de Ciencias Biol\u00f3gicas de la Universidad Nacional de San Agust\u00edn de Arequipa, es un documento que se inicia con el an\u00e1lisis de la situaci\u00f3n actual y su visi\u00f3n.<\/p>\n<p data-path-to-node=\"1\">La Escuela Profesional de Ingenier\u00eda Pesquera de la UNSA reafirma su compromiso con la calidad mediante su nuevo Plan Estrat\u00e9gico 2025-2030. Este documento es el resultado de un an\u00e1lisis profundo de nuestra realidad y visi\u00f3n, alineado estrictamente con los objetivos institucionales de la universidad para consolidar un camino irreversible hacia la excelencia acad\u00e9mica y la transformaci\u00f3n digital de nuestros procesos.<\/p>\n<p data-path-to-node=\"2\">Nuestra gesti\u00f3n para los pr\u00f3ximos a\u00f1os se fundamenta en seis objetivos estrat\u00e9gicos que buscan potenciar la investigaci\u00f3n de impacto, la internacionalizaci\u00f3n y la sostenibilidad de nuestra acreditaci\u00f3n ante ICACIT. Nos enfocamos en responder con eficiencia a las demandas sociales del sector pesquero y del gobierno, manteniendo una estrecha vinculaci\u00f3n con el entorno regional a trav\u00e9s de pol\u00edticas s\u00f3lidas de responsabilidad social universitaria.<\/p>\n<p data-path-to-node=\"2\">Bajo el liderazgo de la Direcci\u00f3n de Escuela y nuestras comisiones especializadas, hemos dise\u00f1ado una herramienta de gesti\u00f3n din\u00e1mica y flexible. Este plan no solo busca el fortalecimiento acad\u00e9mico, sino tambi\u00e9n convertir a la Escuela en un espacio de desarrollo pleno para la persona, preparado para enfrentar los desaf\u00edos globales de la humanidad mediante la innovaci\u00f3n y la mejora continua.<\/p>\n<ul>\n<li>Plan Estrat\u00e9gico 2025 &#8211; 2030 <em><strong><span style=\"color: #ff0000\"><a style=\"color: #ff0000\" href=\"https:\/\/fcb.unsa.edu.pe\/pesquera\/wp-content\/uploads\/sites\/4\/2026\/03\/Anexo-8.A.3.-Plan-Estrategico-2025-2030.pdf\">DESCARGAR<\/a><\/span><\/strong><\/em><\/li>\n<\/ul>\n","protected":false},"excerpt":{"rendered":"<p>La formulaci\u00f3n del Plan Estrat\u00e9gico de la Escuela Profesional de ingenier\u00eda Pesquera de la Facultad de Ciencias Biol\u00f3gicas de la Universidad Nacional de San Agust\u00edn de Arequipa, es un documento que se inicia con el an\u00e1lisis de la situaci\u00f3n actual y su visi\u00f3n. La Escuela Profesional de Ingenier\u00eda Pesquera de la UNSA reafirma su compromiso [&hellip;]<\/p>\n","protected":false},"author":8,"featured_media":2233,"parent":0,"menu_order":0,"comment_status":"closed","ping_status":"closed","template":"","meta":{"_acf_changed":false,"footnotes":""},"class_list":["post-2002","page","type-page","status-publish","has-post-thumbnail","hentry"],"acf":[],"_links":{"self":[{"href":"https:\/\/fcb.unsa.edu.pe\/pesquera\/wp-json\/wp\/v2\/pages\/2002","targetHints":{"allow":["GET"]}}],"collection":[{"href":"https:\/\/fcb.unsa.edu.pe\/pesquera\/wp-json\/wp\/v2\/pages"}],"about":[{"href":"https:\/\/fcb.unsa.edu.pe\/pesquera\/wp-json\/wp\/v2\/types\/page"}],"author":[{"embeddable":true,"href":"https:\/\/fcb.unsa.edu.pe\/pesquera\/wp-json\/wp\/v2\/users\/8"}],"replies":[{"embeddable":true,"href":"https:\/\/fcb.unsa.edu.pe\/pesquera\/wp-json\/wp\/v2\/comments?post=2002"}],"version-history":[{"count":11,"href":"https:\/\/fcb.unsa.edu.pe\/pesquera\/wp-json\/wp\/v2\/pages\/2002\/revisions"}],"predecessor-version":[{"id":2005,"href":"https:\/\/fcb.unsa.edu.pe\/pesquera\/wp-json\/wp\/v2\/pages\/2002\/revisions\/2005"}],"wp:featuredmedia":[{"embeddable":true,"href":"https:\/\/fcb.unsa.edu.pe\/pesquera\/wp-json\/wp\/v2\/media\/2233"}],"wp:attachment":[{"href":"https:\/\/fcb.unsa.edu.pe\/pesquera\/wp-json\/wp\/v2\/media?parent=2002"}],"curies":[{"name":"wp","href":"https:\/\/api.w.org\/{rel}","templated":true}]}}