{"id":2032,"date":"2023-04-21T16:46:34","date_gmt":"2023-04-21T16:46:34","guid":{"rendered":"https:\/\/fcb.unsa.edu.pe\/pesquera\/?page_id=2032"},"modified":"2023-04-21T16:51:35","modified_gmt":"2023-04-21T16:51:35","slug":"reglamento-y-resolucion-practicas-pre-profesionales","status":"publish","type":"page","link":"https:\/\/fcb.unsa.edu.pe\/pesquera\/reglamento-y-resolucion-practicas-pre-profesionales\/","title":{"rendered":"Reglamento y Resoluci\u00f3n de Pr\u00e1cticas Pre Profesionales"},"content":{"rendered":"<ul>\n<li>Resoluci\u00f3n de Pr\u00e1cticas Pre &#8211; Profesionales <em><strong><span style=\"color: #ff0000\"><a style=\"color: #ff0000\" href=\"https:\/\/fcb.unsa.edu.pe\/pesquera\/wp-content\/uploads\/sites\/4\/2023\/04\/Res-Practicas-Pre-Profesionales-23.pdf\">DESCARGAR<\/a><\/span><\/strong><\/em><\/li>\n<li>Reglamento de Pr\u00e1cticas Pre &#8211; Profesionales <em><strong><span style=\"color: #ff0000\"><a style=\"color: #ff0000\" href=\"https:\/\/fcb.unsa.edu.pe\/pesquera\/wp-content\/uploads\/sites\/4\/2023\/04\/Reglamento-de-Practicas-Pre-Profesionales-2023.pdf\" rel=\"attachment wp-att-1944\">DESCARGAR<\/a><\/span><\/strong><\/em><\/li>\n<\/ul>\n","protected":false},"excerpt":{"rendered":"<p>Resoluci\u00f3n de Pr\u00e1cticas Pre &#8211; Profesionales DESCARGAR Reglamento de Pr\u00e1cticas Pre &#8211; Profesionales DESCARGAR<\/p>\n","protected":false},"author":8,"featured_media":0,"parent":0,"menu_order":0,"comment_status":"closed","ping_status":"closed","template":"","meta":{"_acf_changed":false,"footnotes":""},"class_list":["post-2032","page","type-page","status-publish","hentry"],"acf":[],"_links":{"self":[{"href":"https:\/\/fcb.unsa.edu.pe\/pesquera\/wp-json\/wp\/v2\/pages\/2032","targetHints":{"allow":["GET"]}}],"collection":[{"href":"https:\/\/fcb.unsa.edu.pe\/pesquera\/wp-json\/wp\/v2\/pages"}],"about":[{"href":"https:\/\/fcb.unsa.edu.pe\/pesquera\/wp-json\/wp\/v2\/types\/page"}],"author":[{"embeddable":true,"href":"https:\/\/fcb.unsa.edu.pe\/pesquera\/wp-json\/wp\/v2\/users\/8"}],"replies":[{"embeddable":true,"href":"https:\/\/fcb.unsa.edu.pe\/pesquera\/wp-json\/wp\/v2\/comments?post=2032"}],"version-history":[{"count":5,"href":"https:\/\/fcb.unsa.edu.pe\/pesquera\/wp-json\/wp\/v2\/pages\/2032\/revisions"}],"predecessor-version":[{"id":2037,"href":"https:\/\/fcb.unsa.edu.pe\/pesquera\/wp-json\/wp\/v2\/pages\/2032\/revisions\/2037"}],"wp:attachment":[{"href":"https:\/\/fcb.unsa.edu.pe\/pesquera\/wp-json\/wp\/v2\/media?parent=2032"}],"curies":[{"name":"wp","href":"https:\/\/api.w.org\/{rel}","templated":true}]}}