{"id":2120,"date":"2024-08-12T17:06:15","date_gmt":"2024-08-12T17:06:15","guid":{"rendered":"https:\/\/fcb.unsa.edu.pe\/pesquera\/?page_id=2120"},"modified":"2024-08-12T17:17:10","modified_gmt":"2024-08-12T17:17:10","slug":"perfil-del-ingresante","status":"publish","type":"page","link":"https:\/\/fcb.unsa.edu.pe\/pesquera\/perfil-del-ingresante\/","title":{"rendered":"Perfil del Ingresante"},"content":{"rendered":"<ul>\n<li style=\"list-style-type: none\">\n<ul>\n<li>Capacidad creativa e iniciativa<\/li>\n<li>Capacidad de trabajar en equipo.<\/li>\n<li>Poseer orientaci\u00f3n a la soluci\u00f3n de problemas<\/li>\n<li>Tener disciplina de estudio.<\/li>\n<li>Conocedor de la importancia del sector pesquero en el Per\u00fa<\/li>\n<li>Respetuoso del medio ambiente y de la necesidad de un aprovechamiento sostenible.<\/li>\n<li>Conocimientos b\u00e1sicos de matem\u00e1tica, f\u00edsica y qu\u00edmica.<\/li>\n<\/ul>\n<\/li>\n<\/ul>\n","protected":false},"excerpt":{"rendered":"<p>Capacidad creativa e iniciativa Capacidad de trabajar en equipo. Poseer orientaci\u00f3n a la soluci\u00f3n de problemas Tener disciplina de estudio. Conocedor de la importancia del sector pesquero en el Per\u00fa Respetuoso del medio ambiente y de la necesidad de un aprovechamiento sostenible. Conocimientos b\u00e1sicos de matem\u00e1tica, f\u00edsica y qu\u00edmica.<\/p>\n","protected":false},"author":8,"featured_media":2133,"parent":0,"menu_order":0,"comment_status":"closed","ping_status":"closed","template":"","meta":{"_acf_changed":false,"footnotes":""},"class_list":["post-2120","page","type-page","status-publish","has-post-thumbnail","hentry"],"acf":[],"_links":{"self":[{"href":"https:\/\/fcb.unsa.edu.pe\/pesquera\/wp-json\/wp\/v2\/pages\/2120","targetHints":{"allow":["GET"]}}],"collection":[{"href":"https:\/\/fcb.unsa.edu.pe\/pesquera\/wp-json\/wp\/v2\/pages"}],"about":[{"href":"https:\/\/fcb.unsa.edu.pe\/pesquera\/wp-json\/wp\/v2\/types\/page"}],"author":[{"embeddable":true,"href":"https:\/\/fcb.unsa.edu.pe\/pesquera\/wp-json\/wp\/v2\/users\/8"}],"replies":[{"embeddable":true,"href":"https:\/\/fcb.unsa.edu.pe\/pesquera\/wp-json\/wp\/v2\/comments?post=2120"}],"version-history":[{"count":4,"href":"https:\/\/fcb.unsa.edu.pe\/pesquera\/wp-json\/wp\/v2\/pages\/2120\/revisions"}],"predecessor-version":[{"id":2124,"href":"https:\/\/fcb.unsa.edu.pe\/pesquera\/wp-json\/wp\/v2\/pages\/2120\/revisions\/2124"}],"wp:featuredmedia":[{"embeddable":true,"href":"https:\/\/fcb.unsa.edu.pe\/pesquera\/wp-json\/wp\/v2\/media\/2133"}],"wp:attachment":[{"href":"https:\/\/fcb.unsa.edu.pe\/pesquera\/wp-json\/wp\/v2\/media?parent=2120"}],"curies":[{"name":"wp","href":"https:\/\/api.w.org\/{rel}","templated":true}]}}