{"id":2126,"date":"2024-08-12T17:08:28","date_gmt":"2024-08-12T17:08:28","guid":{"rendered":"https:\/\/fcb.unsa.edu.pe\/pesquera\/?page_id=2126"},"modified":"2025-07-22T22:10:23","modified_gmt":"2025-07-22T22:10:23","slug":"competencias-especificas-de-la-especialidad","status":"publish","type":"page","link":"https:\/\/fcb.unsa.edu.pe\/pesquera\/competencias-especificas-de-la-especialidad\/","title":{"rendered":"Competencias Espec\u00edficas de la Especialidad"},"content":{"rendered":"<p style=\"text-align: center\">COMPETENCIAS ESPECIFICAS<\/p>\n<ol>\n<li style=\"list-style-type: none\">\n<ol>\n<li>Aplica las bases de las ciencias biol\u00f3gicos para sustentar los procesos de cultivo y transformaci\u00f3n de los recursos<\/li>\n<li>Aplica las bases de la matem\u00e1tica, la qu\u00edmica y la f\u00edsica para el manejo de recursos, los procesos de transformaci\u00f3n de los recursos pesqueros y de producci\u00f3n acu\u00edcola.<\/li>\n<li>Aplica las leyes de la f\u00edsica en el comportamiento del agua para su aplicaci\u00f3n en la resoluci\u00f3n de problemas simples de est\u00e1tica y flujo de fluidos.<\/li>\n<li>Aplica las leyes de la conservaci\u00f3n de la materia, energ\u00eda y cantidad de movimiento para el dise\u00f1o y mejora de operaciones y procesos de la industria pesquera, en donde utiliza modelos matem\u00e1ticos y m\u00e9todos algebraicos, con capacidad de an\u00e1lisis y s\u00edntesis.<\/li>\n<\/ol>\n<\/li>\n<\/ol>\n<p>&nbsp;<\/p>\n<ol>\n<li style=\"list-style-type: none;text-align: center\">COMPETENCIAS DE LA ESPECIALIDAD<\/li>\n<\/ol>\n<ol>\n<li style=\"list-style-type: none\">\n<ol>\n<li>Maneja los Recursos Hidrobiol\u00f3gicos mediante la evaluaci\u00f3n y adecuaci\u00f3n de m\u00e9todos y aparejos de pesca acorde a las embarcaciones y seg\u00fan la legislaci\u00f3n pesquera vigente.<\/li>\n<li>Dise\u00f1a procesos e instalaciones de transformaci\u00f3n de Recursos Pesqueros para su aprovechamiento \u00f3ptimo donde considera el impacto en el medio ambiente.<\/li>\n<li>Maneja los procesos de transformaci\u00f3n de Recursos Pesqueros para garantizar niveles de producci\u00f3n adecuados y con calidad, donde considera la seguridad, eficiencia y eficacia.<\/li>\n<li>Dise\u00f1a procesos e instalaciones de Producci\u00f3n Acu\u00edcola para garantizar las condiciones \u00f3ptimas para el cultivo de especies de valor comercial donde toma en cuenta las caracter\u00edsticas de los procesos de reproducci\u00f3n, cultivo y prevenci\u00f3n de enfermedades con respeto al medio ambiente.<\/li>\n<li>Maneja la producci\u00f3n acu\u00edcola para garantizar niveles de producci\u00f3n adecuados, donde atiende las particularidades de la\u00a0\u00a0 reproducci\u00f3n, el cultivo y el tratamiento de enfermedades, con respeto al medio ambiente y donde garantiza la calidad, seguridad, eficiencia y eficacia<\/li>\n<li>Gestiona la calidad de los Procesos Pesqueros y Acu\u00edcolas para garantizar la satisfacci\u00f3n de mercado, donde toma en cuenta est\u00e1ndares preestablecidos.<\/li>\n<li>Investiga el \u00e1rea de la Ingenier\u00eda Pesquera para resolver problemas profesionales y cient\u00edficos donde aplica metodolog\u00edas de investigaci\u00f3n.<\/li>\n<li>Gerencia la producci\u00f3n pesquera para garantizar su despliegue estrat\u00e9gico donde condiciona los componentes t\u00e1cticos y operativos de la empresa.<\/li>\n<\/ol>\n<\/li>\n<\/ol>\n","protected":false},"excerpt":{"rendered":"<p>COMPETENCIAS ESPECIFICAS Aplica las bases de las ciencias biol\u00f3gicos para sustentar los procesos de cultivo y transformaci\u00f3n de los recursos Aplica las bases de la matem\u00e1tica, la qu\u00edmica y la f\u00edsica para el manejo de recursos, los procesos de transformaci\u00f3n de los recursos pesqueros y de producci\u00f3n acu\u00edcola. Aplica las leyes de la f\u00edsica en [&hellip;]<\/p>\n","protected":false},"author":8,"featured_media":2135,"parent":0,"menu_order":0,"comment_status":"closed","ping_status":"closed","template":"","meta":{"_acf_changed":false,"footnotes":""},"class_list":["post-2126","page","type-page","status-publish","has-post-thumbnail","hentry"],"acf":[],"_links":{"self":[{"href":"https:\/\/fcb.unsa.edu.pe\/pesquera\/wp-json\/wp\/v2\/pages\/2126","targetHints":{"allow":["GET"]}}],"collection":[{"href":"https:\/\/fcb.unsa.edu.pe\/pesquera\/wp-json\/wp\/v2\/pages"}],"about":[{"href":"https:\/\/fcb.unsa.edu.pe\/pesquera\/wp-json\/wp\/v2\/types\/page"}],"author":[{"embeddable":true,"href":"https:\/\/fcb.unsa.edu.pe\/pesquera\/wp-json\/wp\/v2\/users\/8"}],"replies":[{"embeddable":true,"href":"https:\/\/fcb.unsa.edu.pe\/pesquera\/wp-json\/wp\/v2\/comments?post=2126"}],"version-history":[{"count":4,"href":"https:\/\/fcb.unsa.edu.pe\/pesquera\/wp-json\/wp\/v2\/pages\/2126\/revisions"}],"predecessor-version":[{"id":2161,"href":"https:\/\/fcb.unsa.edu.pe\/pesquera\/wp-json\/wp\/v2\/pages\/2126\/revisions\/2161"}],"wp:featuredmedia":[{"embeddable":true,"href":"https:\/\/fcb.unsa.edu.pe\/pesquera\/wp-json\/wp\/v2\/media\/2135"}],"wp:attachment":[{"href":"https:\/\/fcb.unsa.edu.pe\/pesquera\/wp-json\/wp\/v2\/media?parent=2126"}],"curies":[{"name":"wp","href":"https:\/\/api.w.org\/{rel}","templated":true}]}}